{"id":41,"date":"2024-01-26T08:50:01","date_gmt":"2024-01-26T07:50:01","guid":{"rendered":"https:\/\/cheminaissance.fr\/index.php\/home\/"},"modified":"2024-05-24T22:21:35","modified_gmt":"2024-05-24T20:21:35","slug":"home","status":"publish","type":"page","link":"https:\/\/cheminaissance.fr\/","title":{"rendered":"Home"},"content":{"rendered":"\t\t<div data-elementor-type=\"wp-page\" data-elementor-id=\"41\" class=\"elementor elementor-41\">\n\t\t\t\t<div class=\"elementor-element elementor-element-12564a7 e-con-full e-flex e-con e-parent\" data-id=\"12564a7\" data-element_type=\"container\" data-e-type=\"container\" data-settings=\"{&quot;background_background&quot;:&quot;classic&quot;}\">\n\t\t\t\t<div class=\"elementor-element elementor-element-6ec908a e-transform elementor-widget elementor-widget-spacer\" data-id=\"6ec908a\" data-element_type=\"widget\" data-e-type=\"widget\" data-settings=\"{&quot;_transform_scale_effect&quot;:{&quot;unit&quot;:&quot;px&quot;,&quot;size&quot;:0,&quot;sizes&quot;:[]},&quot;_transform_scale_effect_tablet&quot;:{&quot;unit&quot;:&quot;px&quot;,&quot;size&quot;:&quot;&quot;,&quot;sizes&quot;:[]},&quot;_transform_scale_effect_mobile&quot;:{&quot;unit&quot;:&quot;px&quot;,&quot;size&quot;:&quot;&quot;,&quot;sizes&quot;:[]}}\" data-widget_type=\"spacer.default\">\n\t\t\t\t<div class=\"elementor-widget-container\">\n\t\t\t\t\t\t\t<div class=\"elementor-spacer\">\n\t\t\t<div class=\"elementor-spacer-inner\"><\/div>\n\t\t<\/div>\n\t\t\t\t\t\t<\/div>\n\t\t\t\t<\/div>\n\t\t\t\t<div class=\"elementor-element elementor-element-d9a861f elementor-widget elementor-widget-text-editor\" data-id=\"d9a861f\" data-element_type=\"widget\" data-e-type=\"widget\" data-widget_type=\"text-editor.default\">\n\t\t\t\t<div class=\"elementor-widget-container\">\n\t\t\t\t\t\t\t\t\t<p>CHEMINAISSANCE<\/p>\t\t\t\t\t\t\t\t<\/div>\n\t\t\t\t<\/div>\n\t\t\t\t<div class=\"elementor-element elementor-element-87fd8f4 elementor-widget-divider--view-line elementor-widget elementor-widget-divider\" data-id=\"87fd8f4\" data-element_type=\"widget\" data-e-type=\"widget\" data-widget_type=\"divider.default\">\n\t\t\t\t<div class=\"elementor-widget-container\">\n\t\t\t\t\t\t\t<div class=\"elementor-divider\">\n\t\t\t<span class=\"elementor-divider-separator\">\n\t\t\t\t\t\t<\/span>\n\t\t<\/div>\n\t\t\t\t\t\t<\/div>\n\t\t\t\t<\/div>\n\t\t\t\t<div class=\"elementor-element elementor-element-c7dba16 elementor-widget elementor-widget-text-editor\" data-id=\"c7dba16\" data-element_type=\"widget\" data-e-type=\"widget\" data-widget_type=\"text-editor.default\">\n\t\t\t\t<div class=\"elementor-widget-container\">\n\t\t\t\t\t\t\t\t\t<p>Shiatsu<\/p><p>Astrologie<\/p><p>Cartomancie<\/p>\t\t\t\t\t\t\t\t<\/div>\n\t\t\t\t<\/div>\n\t\t\t\t<div class=\"elementor-element elementor-element-60e0890 elementor-widget elementor-widget-spacer\" data-id=\"60e0890\" data-element_type=\"widget\" data-e-type=\"widget\" data-widget_type=\"spacer.default\">\n\t\t\t\t<div class=\"elementor-widget-container\">\n\t\t\t\t\t\t\t<div class=\"elementor-spacer\">\n\t\t\t<div class=\"elementor-spacer-inner\"><\/div>\n\t\t<\/div>\n\t\t\t\t\t\t<\/div>\n\t\t\t\t<\/div>\n\t\t\t\t<\/div>\n\t\t\t\t<\/div>\n\t\t","protected":false},"excerpt":{"rendered":"<p>CHEMINAISSANCE Shiatsu Astrologie Cartomancie<\/p>\n","protected":false},"author":1,"featured_media":0,"parent":0,"menu_order":0,"comment_status":"closed","ping_status":"closed","template":"","meta":{"footnotes":""},"class_list":["post-41","page","type-page","status-publish","hentry","entry"],"yoast_head":"<!-- This site is optimized with the Yoast SEO plugin v27.3 - https:\/\/yoast.com\/product\/yoast-seo-wordpress\/ -->\n<title>Home - Cheminaissance<\/title>\n<meta name=\"description\" content=\"Astrologie - Cartomancie - Shiatsu. \u00c0 distance ou sur Angers. Sp\u00e9cialis\u00e9 dans le shiatsu de la femme enceinte et du nourrisson.\" \/>\n<meta name=\"robots\" content=\"index, follow, max-snippet:-1, max-image-preview:large, max-video-preview:-1\" \/>\n<link rel=\"canonical\" href=\"https:\/\/cheminaissance.fr\/\" \/>\n<meta property=\"og:locale\" content=\"fr_FR\" \/>\n<meta property=\"og:type\" content=\"article\" \/>\n<meta property=\"og:title\" content=\"Home - Cheminaissance\" \/>\n<meta property=\"og:description\" content=\"Astrologie - Cartomancie - Shiatsu. \u00c0 distance ou sur Angers. Sp\u00e9cialis\u00e9 dans le shiatsu de la femme enceinte et du nourrisson.\" \/>\n<meta property=\"og:url\" content=\"https:\/\/cheminaissance.fr\/\" \/>\n<meta property=\"og:site_name\" content=\"Cheminaissance\" \/>\n<meta property=\"article:publisher\" content=\"https:\/\/www.facebook.com\/julien.messonnier\" \/>\n<meta property=\"article:modified_time\" content=\"2024-05-24T20:21:35+00:00\" \/>\n<meta name=\"twitter:card\" content=\"summary_large_image\" \/>\n<meta name=\"twitter:label1\" content=\"Dur\u00e9e de lecture estim\u00e9e\" \/>\n\t<meta name=\"twitter:data1\" content=\"1 minute\" \/>\n<script type=\"application\/ld+json\" class=\"yoast-schema-graph\">{\"@context\":\"https:\\\/\\\/schema.org\",\"@graph\":[{\"@type\":\"WebPage\",\"@id\":\"https:\\\/\\\/cheminaissance.fr\\\/\",\"url\":\"https:\\\/\\\/cheminaissance.fr\\\/\",\"name\":\"Home - Cheminaissance\",\"isPartOf\":{\"@id\":\"https:\\\/\\\/cheminaissance.fr\\\/#website\"},\"datePublished\":\"2024-01-26T07:50:01+00:00\",\"dateModified\":\"2024-05-24T20:21:35+00:00\",\"description\":\"Astrologie - Cartomancie - Shiatsu. \u00c0 distance ou sur Angers. Sp\u00e9cialis\u00e9 dans le shiatsu de la femme enceinte et du nourrisson.\",\"breadcrumb\":{\"@id\":\"https:\\\/\\\/cheminaissance.fr\\\/#breadcrumb\"},\"inLanguage\":\"fr-FR\",\"potentialAction\":[{\"@type\":\"ReadAction\",\"target\":[\"https:\\\/\\\/cheminaissance.fr\\\/\"]}]},{\"@type\":\"BreadcrumbList\",\"@id\":\"https:\\\/\\\/cheminaissance.fr\\\/#breadcrumb\",\"itemListElement\":[{\"@type\":\"ListItem\",\"position\":1,\"name\":\"Accueil\",\"item\":\"https:\\\/\\\/cheminaissance.fr\\\/\"},{\"@type\":\"ListItem\",\"position\":2,\"name\":\"Home\"}]},{\"@type\":\"WebSite\",\"@id\":\"https:\\\/\\\/cheminaissance.fr\\\/#website\",\"url\":\"https:\\\/\\\/cheminaissance.fr\\\/\",\"name\":\"Cheminaissance\",\"description\":\"\",\"publisher\":{\"@id\":\"https:\\\/\\\/cheminaissance.fr\\\/#organization\"},\"potentialAction\":[{\"@type\":\"SearchAction\",\"target\":{\"@type\":\"EntryPoint\",\"urlTemplate\":\"https:\\\/\\\/cheminaissance.fr\\\/?s={search_term_string}\"},\"query-input\":{\"@type\":\"PropertyValueSpecification\",\"valueRequired\":true,\"valueName\":\"search_term_string\"}}],\"inLanguage\":\"fr-FR\"},{\"@type\":\"Organization\",\"@id\":\"https:\\\/\\\/cheminaissance.fr\\\/#organization\",\"name\":\"Cheminaissance\",\"url\":\"https:\\\/\\\/cheminaissance.fr\\\/\",\"logo\":{\"@type\":\"ImageObject\",\"inLanguage\":\"fr-FR\",\"@id\":\"https:\\\/\\\/cheminaissance.fr\\\/#\\\/schema\\\/logo\\\/image\\\/\",\"url\":\"https:\\\/\\\/cheminaissance.fr\\\/wp-content\\\/uploads\\\/2024\\\/03\\\/cropped-logo_fond1_transparent-1.png\",\"contentUrl\":\"https:\\\/\\\/cheminaissance.fr\\\/wp-content\\\/uploads\\\/2024\\\/03\\\/cropped-logo_fond1_transparent-1.png\",\"width\":596,\"height\":564,\"caption\":\"Cheminaissance\"},\"image\":{\"@id\":\"https:\\\/\\\/cheminaissance.fr\\\/#\\\/schema\\\/logo\\\/image\\\/\"},\"sameAs\":[\"https:\\\/\\\/www.facebook.com\\\/julien.messonnier\"]}]}<\/script>\n<!-- \/ Yoast SEO plugin. -->","yoast_head_json":{"title":"Home - Cheminaissance","description":"Astrologie - Cartomancie - Shiatsu. \u00c0 distance ou sur Angers. Sp\u00e9cialis\u00e9 dans le shiatsu de la femme enceinte et du nourrisson.","robots":{"index":"index","follow":"follow","max-snippet":"max-snippet:-1","max-image-preview":"max-image-preview:large","max-video-preview":"max-video-preview:-1"},"canonical":"https:\/\/cheminaissance.fr\/","og_locale":"fr_FR","og_type":"article","og_title":"Home - Cheminaissance","og_description":"Astrologie - Cartomancie - Shiatsu. \u00c0 distance ou sur Angers. Sp\u00e9cialis\u00e9 dans le shiatsu de la femme enceinte et du nourrisson.","og_url":"https:\/\/cheminaissance.fr\/","og_site_name":"Cheminaissance","article_publisher":"https:\/\/www.facebook.com\/julien.messonnier","article_modified_time":"2024-05-24T20:21:35+00:00","twitter_card":"summary_large_image","twitter_misc":{"Dur\u00e9e de lecture estim\u00e9e":"1 minute"},"schema":{"@context":"https:\/\/schema.org","@graph":[{"@type":"WebPage","@id":"https:\/\/cheminaissance.fr\/","url":"https:\/\/cheminaissance.fr\/","name":"Home - Cheminaissance","isPartOf":{"@id":"https:\/\/cheminaissance.fr\/#website"},"datePublished":"2024-01-26T07:50:01+00:00","dateModified":"2024-05-24T20:21:35+00:00","description":"Astrologie - Cartomancie - Shiatsu. \u00c0 distance ou sur Angers. Sp\u00e9cialis\u00e9 dans le shiatsu de la femme enceinte et du nourrisson.","breadcrumb":{"@id":"https:\/\/cheminaissance.fr\/#breadcrumb"},"inLanguage":"fr-FR","potentialAction":[{"@type":"ReadAction","target":["https:\/\/cheminaissance.fr\/"]}]},{"@type":"BreadcrumbList","@id":"https:\/\/cheminaissance.fr\/#breadcrumb","itemListElement":[{"@type":"ListItem","position":1,"name":"Accueil","item":"https:\/\/cheminaissance.fr\/"},{"@type":"ListItem","position":2,"name":"Home"}]},{"@type":"WebSite","@id":"https:\/\/cheminaissance.fr\/#website","url":"https:\/\/cheminaissance.fr\/","name":"Cheminaissance","description":"","publisher":{"@id":"https:\/\/cheminaissance.fr\/#organization"},"potentialAction":[{"@type":"SearchAction","target":{"@type":"EntryPoint","urlTemplate":"https:\/\/cheminaissance.fr\/?s={search_term_string}"},"query-input":{"@type":"PropertyValueSpecification","valueRequired":true,"valueName":"search_term_string"}}],"inLanguage":"fr-FR"},{"@type":"Organization","@id":"https:\/\/cheminaissance.fr\/#organization","name":"Cheminaissance","url":"https:\/\/cheminaissance.fr\/","logo":{"@type":"ImageObject","inLanguage":"fr-FR","@id":"https:\/\/cheminaissance.fr\/#\/schema\/logo\/image\/","url":"https:\/\/cheminaissance.fr\/wp-content\/uploads\/2024\/03\/cropped-logo_fond1_transparent-1.png","contentUrl":"https:\/\/cheminaissance.fr\/wp-content\/uploads\/2024\/03\/cropped-logo_fond1_transparent-1.png","width":596,"height":564,"caption":"Cheminaissance"},"image":{"@id":"https:\/\/cheminaissance.fr\/#\/schema\/logo\/image\/"},"sameAs":["https:\/\/www.facebook.com\/julien.messonnier"]}]}},"jetpack_sharing_enabled":true,"_links":{"self":[{"href":"https:\/\/cheminaissance.fr\/index.php\/wp-json\/wp\/v2\/pages\/41","targetHints":{"allow":["GET"]}}],"collection":[{"href":"https:\/\/cheminaissance.fr\/index.php\/wp-json\/wp\/v2\/pages"}],"about":[{"href":"https:\/\/cheminaissance.fr\/index.php\/wp-json\/wp\/v2\/types\/page"}],"author":[{"embeddable":true,"href":"https:\/\/cheminaissance.fr\/index.php\/wp-json\/wp\/v2\/users\/1"}],"replies":[{"embeddable":true,"href":"https:\/\/cheminaissance.fr\/index.php\/wp-json\/wp\/v2\/comments?post=41"}],"version-history":[{"count":168,"href":"https:\/\/cheminaissance.fr\/index.php\/wp-json\/wp\/v2\/pages\/41\/revisions"}],"predecessor-version":[{"id":1566,"href":"https:\/\/cheminaissance.fr\/index.php\/wp-json\/wp\/v2\/pages\/41\/revisions\/1566"}],"wp:attachment":[{"href":"https:\/\/cheminaissance.fr\/index.php\/wp-json\/wp\/v2\/media?parent=41"}],"curies":[{"name":"wp","href":"https:\/\/api.w.org\/{rel}","templated":true}]}}